{"id":14,"date":"2025-01-29T10:38:35","date_gmt":"2025-01-29T09:38:35","guid":{"rendered":"https:\/\/skolanaceste.cz\/materska-skola\/?page_id=14"},"modified":"2025-12-13T11:12:05","modified_gmt":"2025-12-13T10:12:05","slug":"stravovani","status":"publish","type":"page","link":"https:\/\/skolanaceste.cz\/materska-skola\/stravovani\/","title":{"rendered":"Stravov\u00e1n\u00ed"},"content":{"rendered":"\n<p>J\u00eddlo je d\u016fle\u017eitou sou\u010d\u00e1st\u00ed \u017eivota &#8211; a\u0165 u\u017e jako sou\u010d\u00e1st p\u00e9\u010de o sv\u00e9 zdrav\u00ed a sebe sama nebo p\u0159\u00edle\u017eitost ke spole\u010dn\u00e9mu stolov\u00e1n\u00ed a pov\u00edd\u00e1n\u00ed s ostatn\u00edmi. D\u011btem nab\u00edz\u00edme pestr\u00e9 sva\u010diny a zdrav\u00e9 ob\u011bdy, respektujeme jejich preference, potravinov\u00e9 alergie a intolerance.<\/p>\n\n\n\n<ul class=\"wp-block-list\">\n<li><strong>Sva\u010dinky<\/strong><br>Db\u00e1me na pestrost sva\u010dinek &#8211; za\u0159azujeme oblo\u017een\u00e9 pe\u010divo, ka\u0161e, smoothie, milkshake, jogurty, p\u0159esn\u00edd\u00e1vky, ovocn\u00e9 a zeleninov\u00e9 sal\u00e1ty, su\u0161en\u00e9 ovoce i o\u0159\u00ed\u0161ky. Ob\u010das d\u011bti pot\u011b\u0161\u00edme i sladk\u00fdm pe\u010divem.<\/li>\n\n\n\n<li><strong>Ob\u011bdy<\/strong><br>Ob\u011bdy speci\u00e1ln\u011b pro n\u00e1s va\u0159\u00ed v soci\u00e1ln\u00edm podniku Caf\u00e9 Robinson. D\u00edky jejich individu\u00e1ln\u00edmu p\u0159\u00edstupu a pe\u010dlivosti p\u0159i tvorb\u011b j\u00eddeln\u00ed\u010dku jsou ob\u011bdy jak chutn\u00e9, tak i zdrav\u00e9.<\/li>\n\n\n\n<li><strong>Pitn\u00fd re\u017eim<\/strong><br>D\u011bti maj\u00ed po cel\u00fd den k dispozici pitnou vodu nebo ovocn\u00fd\/bylinkov\u00fd \u010daj.<\/li>\n<\/ul>\n\n\n\n<p>Seznam alergen\u016f naleznete\u00a0<a href=\"\/materska-skola\/wp-content\/uploads\/sites\/2\/2025\/01\/Seznam_alergenu_02_13.12.2014.jpg\" target=\"_blank\" rel=\"noreferrer noopener nofollow\"><u><strong>zde<\/strong><\/u><\/a>.<\/p>\n\n\n<div class=\"_df_book df-lite\" id=\"df_71\"  _slug=\"jidelnicek\" data-title=\"jidelnicek\" wpoptions=\"true\" thumbtype=\"\" ><\/div><script class=\"df-shortcode-script\" nowprocket type=\"application\/javascript\">window.option_df_71 = {\"outline\":[],\"backgroundColor\":\"#FCFAF0\",\"autoEnableOutline\":\"false\",\"autoEnableThumbnail\":\"false\",\"overwritePDFOutline\":\"false\",\"direction\":\"1\",\"pageSize\":\"0\",\"soundEnable\":\"false\",\"maxTextureSize\":\"1600\",\"source\":\"https:\\\/\\\/skolanaceste.cz\\\/materska-skola\\\/wp-content\\\/uploads\\\/sites\\\/2\\\/2025\\\/01\\\/JIDELNICEK-30.9.-4.10.2024.pdf\",\"wpOptions\":\"true\"}; if(window.DFLIP && window.DFLIP.parseBooks){window.DFLIP.parseBooks();}<\/script>\n","protected":false},"excerpt":{"rendered":"<p>J\u00eddlo je d\u016fle\u017eitou sou\u010d\u00e1st\u00ed \u017eivota &#8211; a\u0165 u\u017e jako sou\u010d\u00e1st p\u00e9\u010de o sv\u00e9 zdrav\u00ed a sebe sama nebo p\u0159\u00edle\u017eitost ke spole\u010dn\u00e9mu stolov\u00e1n\u00ed a pov\u00edd\u00e1n\u00ed s ostatn\u00edmi. D\u011btem nab\u00edz\u00edme pestr\u00e9 sva\u010diny a zdrav\u00e9 ob\u011bdy, respektujeme jejich preference, potravinov\u00e9 alergie a intolerance. Seznam alergen\u016f naleznete\u00a0zde.<\/p>\n","protected":false},"author":1,"featured_media":60,"parent":0,"menu_order":0,"comment_status":"closed","ping_status":"closed","template":"","meta":{"_acf_changed":false,"footnotes":""},"class_list":["post-14","page","type-page","status-publish","has-post-thumbnail","hentry"],"acf":[],"_links":{"self":[{"href":"https:\/\/skolanaceste.cz\/materska-skola\/wp-json\/wp\/v2\/pages\/14","targetHints":{"allow":["GET"]}}],"collection":[{"href":"https:\/\/skolanaceste.cz\/materska-skola\/wp-json\/wp\/v2\/pages"}],"about":[{"href":"https:\/\/skolanaceste.cz\/materska-skola\/wp-json\/wp\/v2\/types\/page"}],"author":[{"embeddable":true,"href":"https:\/\/skolanaceste.cz\/materska-skola\/wp-json\/wp\/v2\/users\/1"}],"replies":[{"embeddable":true,"href":"https:\/\/skolanaceste.cz\/materska-skola\/wp-json\/wp\/v2\/comments?post=14"}],"version-history":[{"count":2,"href":"https:\/\/skolanaceste.cz\/materska-skola\/wp-json\/wp\/v2\/pages\/14\/revisions"}],"predecessor-version":[{"id":74,"href":"https:\/\/skolanaceste.cz\/materska-skola\/wp-json\/wp\/v2\/pages\/14\/revisions\/74"}],"wp:featuredmedia":[{"embeddable":true,"href":"https:\/\/skolanaceste.cz\/materska-skola\/wp-json\/wp\/v2\/media\/60"}],"wp:attachment":[{"href":"https:\/\/skolanaceste.cz\/materska-skola\/wp-json\/wp\/v2\/media?parent=14"}],"curies":[{"name":"wp","href":"https:\/\/api.w.org\/{rel}","templated":true}]}}