{"id":34,"date":"2025-01-30T10:42:30","date_gmt":"2025-01-30T09:42:30","guid":{"rendered":"https:\/\/skolanaceste.cz\/rodinne-centrum\/?page_id=34"},"modified":"2025-12-13T14:56:55","modified_gmt":"2025-12-13T13:56:55","slug":"gdpr","status":"publish","type":"page","link":"https:\/\/skolanaceste.cz\/rodinne-centrum\/gdpr\/","title":{"rendered":"GDPR"},"content":{"rendered":"\n<h2 class=\"wp-block-heading\">Z\u00e1sady ochrany osobn\u00edch \u00fadaj\u016f<\/h2>\n\n\n\n<p>Na t\u00e9to str\u00e1nce najdete informace o tom, jak n\u00e1\u0161 web nakl\u00e1d\u00e1 s Va\u0161imi osobn\u00edmi \u00fadaji, kter\u00e9 jste n\u00e1m o sob\u011b sd\u011blili, nebo kter\u00e9 jsme o V\u00e1s z\u00edskali v souvislosti s na\u0161\u00ed \u010dinnost\u00ed. Va\u0161e pr\u00e1va v\u016f\u010di n\u00e1m v souvislosti se zpracov\u00e1n\u00edm osobn\u00edch \u00fadaj\u016f jsou upravena na\u0159\u00edzen\u00edm Evropsk\u00e9ho parlamentu a Rady (EU) \u010d. 2016\/679 ze dne 27. dubna 2016 (GDPR), o ochran\u011b fyzick\u00fdch osob v souvislosti se zpracov\u00e1n\u00edm osobn\u00edch \u00fadaj\u016f a o voln\u00e9m pohybu t\u011bchto \u00fadaj\u016f a o zru\u0161en\u00ed sm\u011brnice 95\/46\/ES (obecn\u00e9 na\u0159\u00edzen\u00ed o ochran\u011b osobn\u00edch \u00fadaj\u016f). O \u00fa\u010delech a procesech zpracov\u00e1n\u00ed osobn\u00edch \u00fadaj\u016f a o Va\u0161ich nejd\u016fle\u017eit\u011bj\u0161\u00edch pr\u00e1vech V\u00e1s informujeme v tomto textu.<\/p>\n\n\n\n<hr class=\"wp-block-separator has-alpha-channel-opacity\" \/>\n\n\n\n<h3 class=\"wp-block-heading\">I. Identifika\u010dn\u00ed \u00fadaje spr\u00e1vce osobn\u00edch \u00fadaj\u016f<\/h3>\n\n\n\n<p>Spole\u010dnost: centrum Na cest\u011b, z. \u00fa.<br>E-mail: info@mszsnaceste.cz<br>Telefon: +420 731 420 340<br>Adresa: Husova 168, 530 03 Pardubice<\/p>\n\n\n\n<h3 class=\"wp-block-heading\">II. Pov\u011b\u0159enec pro ochranu osobn\u00edch \u00fadaj\u016f<\/h3>\n\n\n\n<p>Pov\u011b\u0159enec pro ochranu osobn\u00edch \u00fadaj\u016f nebyl jmenov\u00e1n.<\/p>\n\n\n\n<h3 class=\"wp-block-heading\">III. Spole\u010dn\u00fd spr\u00e1vce osobn\u00edch \u00fadaj\u016f<\/h3>\n\n\n\n<p>Nem\u00e1me \u017e\u00e1dn\u00e9 spole\u010dn\u00e9 spr\u00e1vce osobn\u00edch \u00fadaj\u016f.<\/p>\n\n\n\n<h3 class=\"wp-block-heading\">IV. Pr\u00e1vn\u00ed tituly pro zpracov\u00e1n\u00ed osobn\u00edch \u00fadaj\u016f<\/h3>\n\n\n\n<p>P\u0159i zpracov\u00e1n\u00ed Va\u0161ich osobn\u00edch \u00fadaj\u016f postupujeme v\u017edy v\u00fdlu\u010dn\u011b v souladu se z\u00e1konn\u00fdmi p\u0159edpisy a na\u0159\u00edzen\u00edmi. P\u0159i zpracov\u00e1n\u00ed Va\u0161ich osobn\u00edch \u00fadaj\u016f vyu\u017e\u00edv\u00e1me pr\u00e1vn\u00ed tituly Z\u00e1konn\u00e1 povinnost, Pln\u011bn\u00ed smlouvy, Opr\u00e1vn\u011bn\u00fd z\u00e1jem a Souhlas se zpracov\u00e1n\u00edm osobn\u00edch \u00fadaj\u016f pro konkr\u00e9tn\u00ed \u00fa\u010del na jasn\u011b stanovenou dobu.<\/p>\n\n\n\n<h3 class=\"wp-block-heading\">V. \u00da\u010dely zpracov\u00e1n\u00ed osobn\u00edch \u00fadaj\u016f<\/h3>\n\n\n\n<p>Va\u0161e osobn\u00ed \u00fadaje zpracov\u00e1v\u00e1me proto, abychom V\u00e1m mohli poskytovat pln\u011bn\u00ed dle uzav\u0159en\u00e9 smlouvy. K takov\u00e9mu zpracov\u00e1v\u00e1n\u00ed jsme opr\u00e1vn\u011bn\u00ed tehdy, pokud je to nezbytn\u00e9 pro spln\u011bn\u00ed smlouvy, kterou jste s n\u00e1mi uzav\u0159eli nebo s n\u00e1mi chcete uzav\u0159\u00edt. Vedle toho Va\u0161e osobn\u00ed \u00fadaje m\u016f\u017eeme zpracov\u00e1vat tehdy, m\u00e1me-li na jejich zpracov\u00e1n\u00ed opr\u00e1vn\u011bn\u00fd z\u00e1jem. Takto osobn\u00ed \u00fadaje v nezbytn\u00e9m rozsahu zpracov\u00e1v\u00e1me pro \u00fa\u010dely dokumentace n\u00e1mi poskytnut\u00fdch pln\u011bn\u00ed, h\u00e1jen\u00ed a uplat\u0148ov\u00e1n\u00ed na\u0161ich pr\u00e1v, zpracov\u00e1n\u00ed a vy\u0159\u00edzen\u00ed Va\u0161ich p\u0159ipom\u00ednek. Osobn\u00ed \u00fadaje d\u00e1le zpracov\u00e1v\u00e1me za \u00fa\u010delem pln\u011bn\u00ed povinnost\u00ed v\u016f\u010di org\u00e1n\u016fm ve\u0159ejn\u00e9 moci v souladu se z\u00e1konem.<\/p>\n\n\n\n<h3 class=\"wp-block-heading\">VI. Rozsah zpracov\u00e1n\u00ed osobn\u00edch \u00fadaj\u016f<\/h3>\n\n\n\n<p>Zpracov\u00e1v\u00e1me osobn\u00ed \u00fadaje, kter\u00e9 jste n\u00e1m v\u011bdom\u011b a dobrovoln\u011b p\u0159edali a \u00fadaje vznikl\u00e9 p\u0159i na\u0161\u00ed \u010dinnosti. Vy\u017eadujeme p\u0159ed\u00e1n\u00ed jen t\u011bch \u00fadaj\u016f, kter\u00e9 jsou nezbytn\u00e9 pro \u0159\u00e1dn\u00e9 pln\u011bn\u00ed na\u0161ich smluvn\u00edch a z\u00e1konn\u00fdch povinnost\u00ed, p\u0159\u00edpadn\u011b pro \u00fa\u010dely na\u0161ich opr\u00e1vn\u011bn\u00fdch z\u00e1jm\u016f, o kter\u00fdch jsme V\u00e1s informovali.<\/p>\n\n\n\n<p>Va\u0161e osobn\u00ed \u00fadaje nebudou p\u0159edm\u011btem rozhodov\u00e1n\u00ed zalo\u017een\u00e9ho v\u00fdlu\u010dn\u011b na automatizovan\u00e9m zpracov\u00e1n\u00ed, je\u017e by pro V\u00e1s m\u011blo pr\u00e1vn\u00ed \u00fa\u010dinky nebo se V\u00e1s v\u00fdrazn\u011b dot\u00fdkalo.<\/p>\n\n\n\n<h3 class=\"wp-block-heading\">VII. Doba zpracov\u00e1n\u00ed osobn\u00edch \u00fadaj\u016f<\/h3>\n\n\n\n<p>Osobn\u00ed \u00fadaje zpracov\u00e1v\u00e1me po dobu, po kterou je pot\u0159ebujeme k \u00fa\u010delu, pro kter\u00fd jsme je z\u00edskali. S ohledem na z\u00e1konn\u00e9 povinnosti, pr\u00e1vn\u00ed tituly a proml\u010dec\u00ed lh\u016fty budou osobn\u00ed \u00fadaje zpracov\u00e1v\u00e1ny zpravidla po dobu 10 let od ukon\u010den\u00ed smluvn\u00edho vztahu. V n\u011bkter\u00fdch p\u0159\u00edpadech m\u016f\u017eeme na z\u00e1klad\u011b na\u0161eho opr\u00e1vn\u011bn\u00e9ho z\u00e1jmu rozhodnout, \u017ee osobn\u00ed \u00fadaje budeme zpracov\u00e1vat i po uplynut\u00ed t\u00e9to doby, existuj\u00ed-li pro to zvl\u00e1\u0161tn\u00ed d\u016fvody.<\/p>\n\n\n\n<h3 class=\"wp-block-heading\">VIII. P\u0159ed\u00e1v\u00e1n\u00ed osobn\u00edch \u00fadaj\u016f<\/h3>\n\n\n\n<p>S v\u00fdjimkou na\u0161ich Zpracovatel\u016f osobn\u00edch \u00fadaj\u016f (viz d\u00e1le) nep\u0159ed\u00e1v\u00e1me osobn\u00ed \u00fadaje jin\u00fdm subjekt\u016fm bez v\u011bdom\u00ed osob, kter\u00fdch se tyto osobn\u00ed \u00fadaje t\u00fdkaj\u00ed.<\/p>\n\n\n\n<p>Nedoch\u00e1z\u00ed k p\u0159ed\u00e1v\u00e1n\u00ed osobn\u00edch \u00fadaj\u016f do t\u0159et\u00edch zem\u00ed.<\/p>\n\n\n\n<h3 class=\"wp-block-heading\">IX. Zpracovatel\u00e9 osobn\u00edch \u00fadaj\u016f<\/h3>\n\n\n\n<p>Se v\u0161emi na\u0161imi zpracovateli osobn\u00edch \u00fadaj\u016f m\u00e1me uzav\u0159eny zpracovatelsk\u00e9 smlouvy, p\u0159im\u011b\u0159en\u011b kontrolujeme jejich \u010dinnost ve vztahu ke zpracov\u00e1n\u00ed Va\u0161ich osobn\u00edch \u00fadaj\u016f a pr\u016fb\u011b\u017en\u011b vyhodnocujeme rizika a hrozby z t\u00e9to spolupr\u00e1ce vypl\u00fdvaj\u00edc\u00ed.<\/p>\n\n\n\n<h3 class=\"wp-block-heading\">X. Zabezpe\u010den\u00ed osobn\u00edch \u00fadaj\u016f a p\u0159\u00edstup k nim<\/h3>\n\n\n\n<p>Db\u00e1me na to, aby k osobn\u00edm \u00fadaj\u016fm, kter\u00e9 zpracov\u00e1v\u00e1me, m\u011bli p\u0159\u00edstup jen ti pracovn\u00edci spole\u010dnosti, kte\u0159\u00ed je pot\u0159ebuj\u00ed ke spln\u011bn\u00ed \u00fa\u010delu, k n\u011bmu\u017e byly shrom\u00e1\u017ed\u011bny. Osobn\u00ed \u00fadaje jsou zabezpe\u010deny proti neopr\u00e1vn\u011bn\u00e9 manipulaci a pozm\u011bn\u011bn\u00ed.<\/p>\n\n\n\n<p>V n\u011bkter\u00fdch p\u0159\u00edpadech pou\u017e\u00edv\u00e1me k poskytov\u00e1n\u00ed slu\u017eeb a ke zpracov\u00e1n\u00ed Va\u0161ich osobn\u00edch \u00fadaj\u016f zpracovatele osobn\u00edch \u00fadaj\u016f. Zpracovatel\u00e9 zpracov\u00e1vaj\u00ed Va\u0161e osobn\u00ed \u00fadaje na n\u00e1\u0161 pokyn a jsou zav\u00e1z\u00e1ni dodr\u017eov\u00e1n\u00edm platn\u00fdch p\u0159edpis\u016f o ochran\u011b osobn\u00edch \u00fadaj\u016f. Jedn\u00e1 se zejm\u00e9na subjekty poskytuj\u00edc\u00ed spole\u010dnosti serverov\u00e9, webov\u00e9, cloudov\u00e9 nebo IT slu\u017eby, extern\u00ed \u00fa\u010detn\u00ed a dal\u0161\u00ed subjekty v p\u0159\u00edpad\u011b pot\u0159eby.<\/p>\n\n\n\n<p>T\u0159et\u00edm subjekt\u016fm Va\u0161e osobn\u00ed \u00fadaje p\u0159ed\u00e1me pouze tehdy, pokud to bude nezbytn\u00e9 nebo pokud k tomu budeme povinni na z\u00e1klad\u011b pr\u00e1vn\u00edch p\u0159edpis\u016f. V\u0161ichni zpracovatel\u00e9 a t\u0159et\u00ed subjekty budou m\u00edt p\u0159\u00edstup k Va\u0161im osobn\u00edm \u00fadaj\u016fm pouze v takov\u00e9m rozsahu a na takov\u00e9 \u010dasov\u00e9 obdob\u00ed, kter\u00e9 je pot\u0159ebn\u00e9 pro poskytnut\u00ed produkt\u016f a slu\u017eeb, pln\u011bn\u00ed smluvn\u00edch a z\u00e1konn\u00fdch povinnost\u00ed, \u010di v\u00fdkon na\u0161ich opr\u00e1vn\u011bn\u00fdch z\u00e1jm\u016f v souladu se z\u00e1konem.<\/p>\n\n\n\n<p>Spole\u010dnost na vy\u017e\u00e1d\u00e1n\u00ed soudn\u00edch, \u010di spr\u00e1vn\u00edch org\u00e1n\u016f poskytuje osobn\u00ed \u00fadaje pouze v p\u0159\u00edpadech povolen\u00fdch platnou pr\u00e1vn\u00ed \u00fapravou. Va\u0161e \u00fadaje nikdy neposkytujeme, neprod\u00e1v\u00e1me ani nevym\u011b\u0148ujeme s t\u0159et\u00edmi stranami za \u00fa\u010delem obchodov\u00e1n\u00ed.<\/p>\n\n\n\n<p>Jste-li pr\u00e1vnick\u00e1 osoba, zavazujete se sezn\u00e1mit Va\u0161e z\u00e1stupce, kontaktn\u00ed osoby a pracovn\u00edky s t\u011bmito z\u00e1sadami. Poskytujete-li n\u00e1m osobn\u00ed \u00fadaje t\u0159et\u00edch osob, zavazujete se je sezn\u00e1mit s t\u011bmito z\u00e1sadami.<\/p>\n\n\n\n<h3 class=\"wp-block-heading\">XI. Va\u0161e pr\u00e1va v souvislosti se zpracov\u00e1n\u00edm osobn\u00edch \u00fadaj\u016f<\/h3>\n\n\n\n<p>V souvislosti se zpracov\u00e1v\u00e1n\u00edm osobn\u00edch \u00fadaj\u016f m\u00e1te celou \u0159adu pr\u00e1v, kter\u00e9 v\u016f\u010di n\u00e1m m\u016f\u017eete uplatnit za podm\u00ednek upraven\u00fdch obecn\u00fdm na\u0159\u00edzen\u00edm o ochran\u011b osobn\u00edch \u00fadaj\u016f (GDPR):<\/p>\n\n\n\n<ul class=\"wp-block-list\">\n<li><strong>Pr\u00e1vo na p\u0159\u00edstup k \u00fadaj\u016fm<\/strong>: poskytneme V\u00e1m potvrzen\u00ed o tom, zda zpracov\u00e1v\u00e1me \u010di nezpracov\u00e1v\u00e1me Va\u0161e osobn\u00ed \u00fadaje; pokud Va\u0161e osobn\u00ed \u00fadaje zpracov\u00e1v\u00e1me, tak V\u00e1m Va\u0161e osobn\u00ed \u00fadaje poskytneme spole\u010dn\u011b s informacemi o tom, jak tyto osobn\u00ed \u00fadaje zpracov\u00e1v\u00e1me<\/li>\n\n\n\n<li><strong>Pr\u00e1vo na opravu osobn\u00edch \u00fadaj\u016f<\/strong>: zjist\u00edte-li, \u017ee \u00fadaje, kter\u00e9 o V\u00e1s m\u00e1me, jsou nep\u0159esn\u00e9, m\u016f\u017eete n\u00e1s kdykoli po\u017e\u00e1dat o jejich opravu a my tuto opravu provedeme<\/li>\n\n\n\n<li><strong>Pr\u00e1vo na v\u00fdmaz<\/strong>: na Va\u0161i \u017e\u00e1dost vyma\u017eeme osobn\u00ed \u00fadaje, kter\u00e9 se V\u00e1s t\u00fdkaj\u00ed, pokud ji\u017e Va\u0161e \u00fadaje nepot\u0159ebujeme, pokud jste odvolali souhlas, na jeho\u017e z\u00e1klad\u011b jsme je zpracov\u00e1vali, pokud jste vznesli n\u00e1mitky proti jejich zpracov\u00e1n\u00ed, pokud byly osobn\u00ed \u00fadaje zpracov\u00e1v\u00e1ny protipr\u00e1vn\u011b, pokud n\u00e1m v\u00fdmaz ukl\u00e1d\u00e1 z\u00e1kon nebo jin\u00fd pr\u00e1vn\u00ed p\u0159edpis nebo pokud byly shrom\u00e1\u017ed\u011bny v souvislosti s nab\u00eddkou slu\u017eeb informa\u010dn\u00ed spole\u010dnosti ur\u010den\u00e9 d\u00edt\u011bti. V\u00fdmaz m\u016f\u017eeme odep\u0159\u00edt jen z d\u016fvod\u016f uveden\u00fdch v GDPR<\/li>\n\n\n\n<li><strong>Pr\u00e1vo na omezen\u00ed zpracov\u00e1n\u00ed<\/strong>: m\u00edsto v\u00fdmazu m\u016f\u017eete po\u017eadovat omezen\u00ed zpracov\u00e1n\u00ed, v takov\u00e9m p\u0159\u00edpad\u011b u n\u00e1s \u00fadaje z\u016fstanou ulo\u017een\u00e9, av\u0161ak nebudeme k nim p\u0159istupovat ani s nimi jakkoli jinak nakl\u00e1dat<\/li>\n\n\n\n<li><strong>Pr\u00e1vo na p\u0159enesen\u00ed osobn\u00edch \u00fadaj\u016f k jin\u00e9mu spr\u00e1vci<\/strong>: pokud jste n\u00e1m poskytli sv\u00e9 \u00fadaje ve strukturovan\u00e9m a strojov\u011b \u010diteln\u00e9m form\u00e1tu, p\u0159ed\u00e1me tyto Va\u0161e \u00fadaje na z\u00e1klad\u011b Va\u0161\u00ed \u017e\u00e1dosti jin\u00e9mu spr\u00e1vci<\/li>\n\n\n\n<li><strong>Pr\u00e1vo vzn\u00e9st n\u00e1mitku proti zpracov\u00e1n\u00ed<\/strong>: n\u00e1mitku m\u016f\u017eete uplatnit tehdy, domn\u00edv\u00e1te-li se, \u017ee n\u00e1\u0161 z\u00e1jem na zpracov\u00e1n\u00ed Va\u0161ich osobn\u00edch \u00fadaj\u016f nen\u00ed siln\u011bj\u0161\u00ed ne\u017e Va\u0161e pr\u00e1vo na d\u016fv\u011brnost \u00fadaj\u016f, kter\u00e9 o V\u00e1s zpracov\u00e1v\u00e1me, v takov\u00e9m p\u0159\u00edpad\u011b znovu d\u016fkladn\u011b a s p\u0159ihl\u00e9dnut\u00edm k Va\u0161\u00ed n\u00e1mitce posoud\u00edme m\u00edru na\u0161eho opr\u00e1vn\u011bn\u00e9ho z\u00e1jmu a o tomto p\u0159ezkoum\u00e1n\u00ed V\u00e1s budeme informovat. Do t\u00e9 doby Va\u0161e \u00fadaje nebudeme zpracov\u00e1vat<\/li>\n\n\n\n<li><strong>Pr\u00e1vo podat st\u00ed\u017enost u \u00da\u0159adu pro ochranu osobn\u00edch \u00fadaj\u016f<\/strong>: domn\u00edv\u00e1te-li se, \u017ee poru\u0161ujeme Va\u0161e pr\u00e1va, m\u016f\u017eete na n\u00e1s podat st\u00ed\u017enost u \u00da\u0159adu pro ochranu osobn\u00edch \u00fadaj\u016f<\/li>\n<\/ul>\n\n\n\n<p>Tyto Z\u00e1sady ochrany osobn\u00edch \u00fadaj\u016f jsou platn\u00e9 od 5. 8. 2021<\/p>\n","protected":false},"excerpt":{"rendered":"<p>Z\u00e1sady ochrany osobn\u00edch \u00fadaj\u016f Na t\u00e9to str\u00e1nce najdete informace o tom, jak n\u00e1\u0161 web nakl\u00e1d\u00e1 s Va\u0161imi osobn\u00edmi \u00fadaji, kter\u00e9 jste n\u00e1m o sob\u011b sd\u011blili, nebo kter\u00e9 jsme o V\u00e1s z\u00edskali v souvislosti s na\u0161\u00ed \u010dinnost\u00ed. Va\u0161e pr\u00e1va v\u016f\u010di n\u00e1m v souvislosti se zpracov\u00e1n\u00edm osobn\u00edch \u00fadaj\u016f jsou upravena na\u0159\u00edzen\u00edm Evropsk\u00e9ho parlamentu a Rady (EU) \u010d&#8230;.<\/p>\n","protected":false},"author":1,"featured_media":5,"parent":0,"menu_order":0,"comment_status":"closed","ping_status":"closed","template":"","meta":{"_acf_changed":false,"footnotes":""},"class_list":["post-34","page","type-page","status-publish","has-post-thumbnail","hentry"],"acf":[],"_links":{"self":[{"href":"https:\/\/skolanaceste.cz\/rodinne-centrum\/wp-json\/wp\/v2\/pages\/34","targetHints":{"allow":["GET"]}}],"collection":[{"href":"https:\/\/skolanaceste.cz\/rodinne-centrum\/wp-json\/wp\/v2\/pages"}],"about":[{"href":"https:\/\/skolanaceste.cz\/rodinne-centrum\/wp-json\/wp\/v2\/types\/page"}],"author":[{"embeddable":true,"href":"https:\/\/skolanaceste.cz\/rodinne-centrum\/wp-json\/wp\/v2\/users\/1"}],"replies":[{"embeddable":true,"href":"https:\/\/skolanaceste.cz\/rodinne-centrum\/wp-json\/wp\/v2\/comments?post=34"}],"version-history":[{"count":2,"href":"https:\/\/skolanaceste.cz\/rodinne-centrum\/wp-json\/wp\/v2\/pages\/34\/revisions"}],"predecessor-version":[{"id":149,"href":"https:\/\/skolanaceste.cz\/rodinne-centrum\/wp-json\/wp\/v2\/pages\/34\/revisions\/149"}],"wp:featuredmedia":[{"embeddable":true,"href":"https:\/\/skolanaceste.cz\/rodinne-centrum\/wp-json\/wp\/v2\/media\/5"}],"wp:attachment":[{"href":"https:\/\/skolanaceste.cz\/rodinne-centrum\/wp-json\/wp\/v2\/media?parent=34"}],"curies":[{"name":"wp","href":"https:\/\/api.w.org\/{rel}","templated":true}]}}