{"id":59,"date":"2025-01-30T12:57:08","date_gmt":"2025-01-30T11:57:08","guid":{"rendered":"https:\/\/skolanaceste.cz\/rodinne-centrum\/?page_id=59"},"modified":"2026-01-30T09:34:09","modified_gmt":"2026-01-30T08:34:09","slug":"dilnicky-pro-batolata","status":"publish","type":"page","link":"https:\/\/skolanaceste.cz\/rodinne-centrum\/dilnicky-pro-batolata\/","title":{"rendered":"D\u00edlni\u010dky pro batolata"},"content":{"rendered":"\n<p><strong>D\u00edlni\u010dky pro batolata v doprovodu rodi\u010d\u016f<\/strong><\/p>\n\n\n\n<p>V r\u00e1mci programu pro rodi\u010de s d\u011btmi maj\u00ed d\u011bti mo\u017enost pracovat s Montessori pom\u016fckami v p\u0159ipraven\u00e9m prost\u0159ed\u00ed, kter\u00e9 podporuje jejich psychick\u00fd, fyzick\u00fd i emo\u010dn\u00ed v\u00fdvoj.D\u011bti se krom\u011b praktick\u00fdch dovednost\u00ed u\u010d\u00ed soust\u0159edit na \u010dinnost podle sv\u00e9ho v\u00fdb\u011bru, vymezovat si sv\u016fj prostor a respektovat prostor ostatn\u00edch a rozv\u00edjej\u00ed svou samostatnost a s&nbsp;t\u00edm spojenou radost.<br>\u00dakolem rodi\u010de je b\u00fdt d\u00edt\u011bti na d\u00edlni\u010dk\u00e1ch pr\u016fvodcem a zprost\u0159edkovat pravidla, kter\u00e1 v&nbsp;prost\u0159ed\u00ed dodr\u017eujeme.<\/p>\n\n\n\n<p>D\u00edlni\u010dky prob\u00edhaj\u00ed ka\u017ed\u00e9 <strong>pond\u011bl\u00ed <\/strong>od <strong>9:00 do 10:30 <\/strong>a <strong>\u010dtvrtek<\/strong> od<strong> 15:00 do 16:30<\/strong>. <\/p>\n\n\n\n<p>P\u0159ihl\u00e1sit se m\u016f\u017eete na kontaktn\u00edm e-mailu\u00a0<a href=\"mailto:info@skolanaceste.cz\">info@skolanaceste.cz<\/a>.<\/p>\n\n\n\n<p>Cena deseti lekc\u00ed je 2 000 K\u010d.<\/p>\n","protected":false},"excerpt":{"rendered":"<p>D\u00edlni\u010dky pro batolata v doprovodu rodi\u010d\u016f V r\u00e1mci programu pro rodi\u010de s d\u011btmi maj\u00ed d\u011bti mo\u017enost pracovat s Montessori pom\u016fckami v p\u0159ipraven\u00e9m prost\u0159ed\u00ed, kter\u00e9 podporuje jejich psychick\u00fd, fyzick\u00fd i emo\u010dn\u00ed v\u00fdvoj.D\u011bti se krom\u011b praktick\u00fdch dovednost\u00ed u\u010d\u00ed soust\u0159edit na \u010dinnost podle sv\u00e9ho v\u00fdb\u011bru, vymezovat si sv\u016fj prostor a respektovat prostor ostatn\u00edch a rozv\u00edjej\u00ed svou samostatnost a&#8230;<\/p>\n","protected":false},"author":1,"featured_media":5,"parent":0,"menu_order":0,"comment_status":"closed","ping_status":"closed","template":"","meta":{"_acf_changed":false,"footnotes":""},"class_list":["post-59","page","type-page","status-publish","has-post-thumbnail","hentry"],"acf":[],"_links":{"self":[{"href":"https:\/\/skolanaceste.cz\/rodinne-centrum\/wp-json\/wp\/v2\/pages\/59","targetHints":{"allow":["GET"]}}],"collection":[{"href":"https:\/\/skolanaceste.cz\/rodinne-centrum\/wp-json\/wp\/v2\/pages"}],"about":[{"href":"https:\/\/skolanaceste.cz\/rodinne-centrum\/wp-json\/wp\/v2\/types\/page"}],"author":[{"embeddable":true,"href":"https:\/\/skolanaceste.cz\/rodinne-centrum\/wp-json\/wp\/v2\/users\/1"}],"replies":[{"embeddable":true,"href":"https:\/\/skolanaceste.cz\/rodinne-centrum\/wp-json\/wp\/v2\/comments?post=59"}],"version-history":[{"count":6,"href":"https:\/\/skolanaceste.cz\/rodinne-centrum\/wp-json\/wp\/v2\/pages\/59\/revisions"}],"predecessor-version":[{"id":157,"href":"https:\/\/skolanaceste.cz\/rodinne-centrum\/wp-json\/wp\/v2\/pages\/59\/revisions\/157"}],"wp:featuredmedia":[{"embeddable":true,"href":"https:\/\/skolanaceste.cz\/rodinne-centrum\/wp-json\/wp\/v2\/media\/5"}],"wp:attachment":[{"href":"https:\/\/skolanaceste.cz\/rodinne-centrum\/wp-json\/wp\/v2\/media?parent=59"}],"curies":[{"name":"wp","href":"https:\/\/api.w.org\/{rel}","templated":true}]}}