{"id":95,"date":"2025-01-30T13:21:21","date_gmt":"2025-01-30T12:21:21","guid":{"rendered":"https:\/\/skolanaceste.cz\/rodinne-centrum\/?page_id=95"},"modified":"2025-12-13T14:48:35","modified_gmt":"2025-12-13T13:48:35","slug":"dokumenty-k-prijeti","status":"publish","type":"page","link":"https:\/\/skolanaceste.cz\/rodinne-centrum\/dokumenty-k-prijeti\/","title":{"rendered":"Dokumenty k p\u0159ijet\u00ed"},"content":{"rendered":"\n<p><strong>Ke sta\u017een\u00ed:<\/strong><\/p>\n\n\n\n<ul class=\"wp-block-list\">\n<li><a href=\"https:\/\/skolanaceste.cz\/materska-skola\/wp-content\/uploads\/sites\/2\/2025\/01\/zadost_o_prijeti_k_predskolnimu_vzdelavani.pdf\" target=\"_blank\" rel=\"noreferrer noopener\"><u>\u017d\u00e1dost o p\u0159ijet\u00ed k p\u0159ed\u0161koln\u00edmu vzd\u011bl\u00e1v\u00e1n\u00ed<\/u><\/a><\/li>\n\n\n\n<li>Eviden\u010dn\u00ed list<\/li>\n\n\n\n<li><a href=\"https:\/\/skolanaceste.cz\/materska-skola\/wp-content\/uploads\/sites\/2\/2025\/01\/navrh_smlouvy_MS.pdf\" target=\"_blank\" rel=\"noreferrer noopener\"><u>Smlouva o poskytov\u00e1n\u00ed p\u0159ed\u0161koln\u00edho vzd\u011bl\u00e1v\u00e1n\u00ed<\/u><\/a><\/li>\n\n\n\n<li><a href=\"https:\/\/skolanaceste.cz\/materska-skola\/wp-content\/uploads\/sites\/2\/2025\/01\/kriteria_pro_prijeti_MS_2023_2024.pdf\" target=\"_blank\" rel=\"noreferrer noopener\"><u>Krit\u00e9ria pro p\u0159ijet\u00ed\u00a0d\u00edt\u011bte do M\u0160<\/u><\/a><\/li>\n<\/ul>\n\n\n\n<hr class=\"wp-block-separator has-alpha-channel-opacity\" \/>\n\n\n\n<p><strong>Postup k p\u0159ijet\u00ed do mate\u0159sk\u00e9 \u0161koly naleznete<\/strong>&nbsp;<a href=\"https:\/\/skolanaceste.cz\/materska-skola\/zapis-do-materske-skoly\/\"><strong><u>zde<\/u><\/strong><\/a>.<\/p>\n","protected":false},"excerpt":{"rendered":"<p>Ke sta\u017een\u00ed: Postup k p\u0159ijet\u00ed do mate\u0159sk\u00e9 \u0161koly naleznete&nbsp;zde.<\/p>\n","protected":false},"author":1,"featured_media":5,"parent":0,"menu_order":0,"comment_status":"closed","ping_status":"closed","template":"","meta":{"_acf_changed":false,"footnotes":""},"class_list":["post-95","page","type-page","status-publish","has-post-thumbnail","hentry"],"acf":[],"_links":{"self":[{"href":"https:\/\/skolanaceste.cz\/rodinne-centrum\/wp-json\/wp\/v2\/pages\/95","targetHints":{"allow":["GET"]}}],"collection":[{"href":"https:\/\/skolanaceste.cz\/rodinne-centrum\/wp-json\/wp\/v2\/pages"}],"about":[{"href":"https:\/\/skolanaceste.cz\/rodinne-centrum\/wp-json\/wp\/v2\/types\/page"}],"author":[{"embeddable":true,"href":"https:\/\/skolanaceste.cz\/rodinne-centrum\/wp-json\/wp\/v2\/users\/1"}],"replies":[{"embeddable":true,"href":"https:\/\/skolanaceste.cz\/rodinne-centrum\/wp-json\/wp\/v2\/comments?post=95"}],"version-history":[{"count":2,"href":"https:\/\/skolanaceste.cz\/rodinne-centrum\/wp-json\/wp\/v2\/pages\/95\/revisions"}],"predecessor-version":[{"id":145,"href":"https:\/\/skolanaceste.cz\/rodinne-centrum\/wp-json\/wp\/v2\/pages\/95\/revisions\/145"}],"wp:featuredmedia":[{"embeddable":true,"href":"https:\/\/skolanaceste.cz\/rodinne-centrum\/wp-json\/wp\/v2\/media\/5"}],"wp:attachment":[{"href":"https:\/\/skolanaceste.cz\/rodinne-centrum\/wp-json\/wp\/v2\/media?parent=95"}],"curies":[{"name":"wp","href":"https:\/\/api.w.org\/{rel}","templated":true}]}}