{"id":33,"date":"2025-01-22T14:45:29","date_gmt":"2025-01-22T13:45:29","guid":{"rendered":"https:\/\/skolanaceste.cz\/zakladni-skola\/?page_id=33"},"modified":"2026-04-30T10:32:44","modified_gmt":"2026-04-30T08:32:44","slug":"cenik","status":"publish","type":"page","link":"https:\/\/skolanaceste.cz\/zakladni-skola\/cenik\/","title":{"rendered":"\u0160koln\u00e9"},"content":{"rendered":"\n<p><strong>Cen\u00edk \u0161koln\u00e9ho<\/strong>\u00a0platn\u00fd od \u0161koln\u00edho roku 2026\/2027:<\/p>\n\n\n\n<ul class=\"wp-block-list\">\n<li>ro\u010dn\u00ed \u0161koln\u00e9: 78.900 K\u010d\/rok, splatn\u00fdch ve spl\u00e1tk\u00e1ch dle dohody\n<ul class=\"wp-block-list\">\n<li>spl\u00e1tka ve v\u00fd\u0161i 1\/4 celkov\u00e9ho \u0161koln\u00e9ho splatn\u00e1 k 15. 9., 15. 12., 15. 3. a 15. 6. ka\u017ed\u00e9ho \u0161koln\u00edho roku<\/li>\n\n\n\n<li>spl\u00e1tka ve v\u00fd\u0161i 1\/10 celkov\u00e9ho \u0161koln\u00e9ho splatn\u00e1 v\u017edy k 5. dni v m\u011bs\u00edci v obdob\u00ed z\u00e1\u0159\u00ed &#8211; \u010derven ka\u017ed\u00e9ho \u0161koln\u00edho roku<\/li>\n<\/ul>\n<\/li>\n<\/ul>\n\n\n\n<p><strong>Cen\u00edk krou\u017ek\u016f<\/strong>&nbsp;platn\u00fd od \u0161koln\u00edho roku 2025\/2026:<br>Po-v\u00fdtvarn\u00fd, \u00dat-dramatick\u00fd, St-robotika, \u010ct-anglick\u00fd klub<\/p>\n\n\n\n<ul class=\"wp-block-list\">\n<li>1.250 K\u010d za 1 krou\u017eek\/pololet\u00ed<\/li>\n\n\n\n<li>2.400 K\u010d za 2 krou\u017eky\/pololet\u00ed<\/li>\n\n\n\n<li>3.500 K\u010d za 3 krou\u017eky\/pololet\u00ed<\/li>\n\n\n\n<li>4.500 K\u010d za 4 krou\u017eky\/pololet\u00ed<\/li>\n<\/ul>\n\n\n\n<hr class=\"wp-block-separator has-alpha-channel-opacity\"\/>\n\n\n\n<p><strong>Cen\u00edk stravn\u00e9ho<\/strong>&nbsp;platn\u00fd od \u0161koln\u00edho roku 2025\/2026:<\/p>\n\n\n\n<ul class=\"wp-block-list\">\n<li>ob\u011bd: 100 K\u010d<\/li>\n<\/ul>\n","protected":false},"excerpt":{"rendered":"<p>Cen\u00edk \u0161koln\u00e9ho\u00a0platn\u00fd od \u0161koln\u00edho roku 2026\/2027: Cen\u00edk krou\u017ek\u016f&nbsp;platn\u00fd od \u0161koln\u00edho roku 2025\/2026:Po-v\u00fdtvarn\u00fd, \u00dat-dramatick\u00fd, St-robotika, \u010ct-anglick\u00fd klub Cen\u00edk stravn\u00e9ho&nbsp;platn\u00fd od \u0161koln\u00edho roku 2025\/2026:<\/p>\n","protected":false},"author":1,"featured_media":69,"parent":0,"menu_order":0,"comment_status":"closed","ping_status":"closed","template":"","meta":{"_acf_changed":false,"footnotes":""},"class_list":["post-33","page","type-page","status-publish","has-post-thumbnail","hentry"],"acf":[],"_links":{"self":[{"href":"https:\/\/skolanaceste.cz\/zakladni-skola\/wp-json\/wp\/v2\/pages\/33","targetHints":{"allow":["GET"]}}],"collection":[{"href":"https:\/\/skolanaceste.cz\/zakladni-skola\/wp-json\/wp\/v2\/pages"}],"about":[{"href":"https:\/\/skolanaceste.cz\/zakladni-skola\/wp-json\/wp\/v2\/types\/page"}],"author":[{"embeddable":true,"href":"https:\/\/skolanaceste.cz\/zakladni-skola\/wp-json\/wp\/v2\/users\/1"}],"replies":[{"embeddable":true,"href":"https:\/\/skolanaceste.cz\/zakladni-skola\/wp-json\/wp\/v2\/comments?post=33"}],"version-history":[{"count":9,"href":"https:\/\/skolanaceste.cz\/zakladni-skola\/wp-json\/wp\/v2\/pages\/33\/revisions"}],"predecessor-version":[{"id":302,"href":"https:\/\/skolanaceste.cz\/zakladni-skola\/wp-json\/wp\/v2\/pages\/33\/revisions\/302"}],"wp:featuredmedia":[{"embeddable":true,"href":"https:\/\/skolanaceste.cz\/zakladni-skola\/wp-json\/wp\/v2\/media\/69"}],"wp:attachment":[{"href":"https:\/\/skolanaceste.cz\/zakladni-skola\/wp-json\/wp\/v2\/media?parent=33"}],"curies":[{"name":"wp","href":"https:\/\/api.w.org\/{rel}","templated":true}]}}