{"id":8,"date":"2025-01-22T14:40:40","date_gmt":"2025-01-22T13:40:40","guid":{"rendered":"https:\/\/skolanaceste.cz\/zakladni-skola\/?page_id=8"},"modified":"2025-12-13T12:13:30","modified_gmt":"2025-12-13T11:13:30","slug":"domovska-stranka","status":"publish","type":"page","link":"https:\/\/skolanaceste.cz\/zakladni-skola\/","title":{"rendered":"\u0160kola s individu\u00e1ln\u00edm p\u0159\u00edstupem"},"content":{"rendered":"","protected":false},"excerpt":{"rendered":"","protected":false},"author":1,"featured_media":0,"parent":0,"menu_order":0,"comment_status":"closed","ping_status":"closed","template":"","meta":{"_acf_changed":false,"footnotes":""},"class_list":["post-8","page","type-page","status-publish","hentry"],"acf":[],"_links":{"self":[{"href":"https:\/\/skolanaceste.cz\/zakladni-skola\/wp-json\/wp\/v2\/pages\/8","targetHints":{"allow":["GET"]}}],"collection":[{"href":"https:\/\/skolanaceste.cz\/zakladni-skola\/wp-json\/wp\/v2\/pages"}],"about":[{"href":"https:\/\/skolanaceste.cz\/zakladni-skola\/wp-json\/wp\/v2\/types\/page"}],"author":[{"embeddable":true,"href":"https:\/\/skolanaceste.cz\/zakladni-skola\/wp-json\/wp\/v2\/users\/1"}],"replies":[{"embeddable":true,"href":"https:\/\/skolanaceste.cz\/zakladni-skola\/wp-json\/wp\/v2\/comments?post=8"}],"version-history":[{"count":2,"href":"https:\/\/skolanaceste.cz\/zakladni-skola\/wp-json\/wp\/v2\/pages\/8\/revisions"}],"predecessor-version":[{"id":159,"href":"https:\/\/skolanaceste.cz\/zakladni-skola\/wp-json\/wp\/v2\/pages\/8\/revisions\/159"}],"wp:attachment":[{"href":"https:\/\/skolanaceste.cz\/zakladni-skola\/wp-json\/wp\/v2\/media?parent=8"}],"curies":[{"name":"wp","href":"https:\/\/api.w.org\/{rel}","templated":true}]}}